{"id":17,"date":"2024-06-01T15:12:35","date_gmt":"2024-06-01T13:12:35","guid":{"rendered":"https:\/\/www.fgs-freiburg.de\/cms\/?page_id=17"},"modified":"2026-03-08T10:46:07","modified_gmt":"2026-03-08T09:46:07","slug":"17-2","status":"publish","type":"page","link":"https:\/\/www.fgs-freiburg.de\/cms\/","title":{"rendered":"Startseite"},"content":{"rendered":"\n<div class=\"et_pb_section_0 et_pb_section et_pb_fullwidth_section et_section_regular et_block_section et_pb_section_parallax\"><span class=\"et-pb-parallax-wrapper\"><span class=\"et-pb-parallax-background et-pb-parallax-background--css et-pb-parallax-background-module--divi-section-0\" style=\"background-image:url(https:\/\/www.fgs-freiburg.de\/cms\/wp-content\/uploads\/2024\/06\/nasser-keller-1920x1200-1.jpg)\"><\/span><span class=\"et_parallax_gradient et_pb_parallax_css\" style=\"background-image:linear-gradient(180deg, #000000 0%,rgba(0,0,0,0.1) 100%)\"><\/span><\/span><section class=\"et_pb_fullwidth_header_0 et_pb_fullwidth_header et_pb_fullscreen et_pb_bg_layout_dark et_pb_text_align_left et_pb_module et_flex_module\"><div class=\"et_pb_fullwidth_header_container left\"><div class=\"header-content-container center\"><div class=\"header-content et_flex_module\"><h1 class=\"et_pb_module_header\">Feuchte Keller und Mauern...<\/h1><div class=\"et_pb_header_button_wrapper\"><\/div><\/div><\/div><\/div><div class=\"et_pb_fullwidth_header_overlay\"><\/div><div class=\"et_pb_fullwidth_header_scroll\"><a class=\"scroll-down-container\" href=\"#\"><span class=\"scroll-down et-pb-icon\">;<\/span><\/a><\/div><\/section><\/div><div class=\"et_pb_section_1 et_pb_section et_section_regular et_block_section\"><div class=\"et_pb_row_0 et_pb_row et_block_row\"><div class=\"et_pb_column_0 et_pb_column et_pb_column_1_2 et_block_column et_pb_css_mix_blend_mode_passthrough\"><div class=\"et_pb_blurb_0 et_pb_blurb et_pb_bg_layout_light et_pb_blurb_position_left et_pb_module et_block_module\"><div class=\"et_pb_blurb_content\"><div class=\"et_pb_blurb_container\"><div class=\"et_pb_blurb_description\"><p>\u200b... treten bei Geb\u00e4uden auf, die zum Erdreich nicht oder nur schlecht abgedichtet sind. Das Mauerwerk saugt im Erdreich vorhandenes Wasser auf und es steigt bis zu mehreren Metern in das Mauerwerk hoch. Die betroffenen <strong>R\u00e4ume sind als Wohnraum nicht und als Lagerraum nur eingeschr\u00e4nkt nutzbar.<\/strong><\/p>\n<\/div><\/div><\/div><\/div><\/div><div class=\"et_pb_column_1 et_pb_column et_pb_column_1_2 et-last-child et_block_column et_pb_css_mix_blend_mode_passthrough\"><div class=\"et_pb_image_0 et_pb_image et_pb_module et_block_module\"><span class=\"et_pb_image_wrap\"><img loading=\"lazy\" decoding=\"async\" src=\"https:\/\/www.fgs-freiburg.de\/cms\/wp-content\/uploads\/2024\/06\/nasser-keller-schimmel-1024x640-1.jpg\" width=\"1024\" height=\"640\" srcset=\"https:\/\/www.fgs-freiburg.de\/cms\/wp-content\/uploads\/2024\/06\/nasser-keller-schimmel-1024x640-1.jpg 1024w, https:\/\/www.fgs-freiburg.de\/cms\/wp-content\/uploads\/2024\/06\/nasser-keller-schimmel-1024x640-1-980x613.jpg 980w, https:\/\/www.fgs-freiburg.de\/cms\/wp-content\/uploads\/2024\/06\/nasser-keller-schimmel-1024x640-1-480x300.jpg 480w\" sizes=\"(min-width: 0px) and (max-width: 480px) 480px, (min-width: 481px) and (max-width: 980px) 980px, (min-width: 981px) 1024px, 100vw\" class=\"wp-image-241620\" \/><\/span><\/div><\/div><\/div><\/div><div class=\"et_pb_section_2 et_pb_section et_section_regular et_block_section\"><div class=\"et_pb_row_1 et_pb_row et_block_row\"><div class=\"et_pb_column_2 et_pb_column et_pb_column_1_2 et_block_column et_pb_css_mix_blend_mode_passthrough\"><div class=\"et_pb_image_1 et_pb_image et_pb_module et_block_module\"><span class=\"et_pb_image_wrap\"><img loading=\"lazy\" decoding=\"async\" src=\"https:\/\/www.fgs-freiburg.de\/cms\/wp-content\/uploads\/2024\/06\/Frau-gestank.jpg\" width=\"1920\" height=\"1200\" srcset=\"https:\/\/www.fgs-freiburg.de\/cms\/wp-content\/uploads\/2024\/06\/Frau-gestank.jpg 1920w, https:\/\/www.fgs-freiburg.de\/cms\/wp-content\/uploads\/2024\/06\/Frau-gestank-1280x800.jpg 1280w, https:\/\/www.fgs-freiburg.de\/cms\/wp-content\/uploads\/2024\/06\/Frau-gestank-980x613.jpg 980w, https:\/\/www.fgs-freiburg.de\/cms\/wp-content\/uploads\/2024\/06\/Frau-gestank-480x300.jpg 480w\" sizes=\"(min-width: 0px) and (max-width: 480px) 480px, (min-width: 481px) and (max-width: 980px) 980px, (min-width: 981px) and (max-width: 1280px) 1280px, (min-width: 1281px) 1920px, 100vw\" class=\"wp-image-50\" \/><\/span><\/div><\/div><div class=\"et_pb_column_3 et_pb_column et_pb_column_1_2 et-last-child et_block_column et_pb_css_mix_blend_mode_passthrough\"><div class=\"et_pb_blurb_1 et_pb_blurb et_pb_bg_layout_light et_pb_blurb_position_left et_pb_module et_block_module\"><div class=\"et_pb_blurb_content\"><div class=\"et_pb_blurb_container\"><h4 class=\"et_pb_module_header\">Gesundheitssch\u00e4den und \u00fcbler Geruch<\/h4><div class=\"et_pb_blurb_description\"><p>sind oft die Folge der einsetzenden F\u00e4ulnisprozesse.\u00a0 Sporen, z. Bsp. Schimmel k\u00f6nnen Allergien ausl\u00f6sen, sind hochgradig giftig und sogar krebserregend. Sie sind oft Ausl\u00f6ser von Allergien, Atemwegs- und rheumatischen Erkrankungen.<\/p>\n<\/div><\/div><\/div><\/div><\/div><\/div><\/div><div class=\"et_pb_section_3 et_pb_section et_section_regular et_block_section\"><div class=\"et_pb_row_2 et_pb_row et_block_row\"><div class=\"et_pb_column_4 et_pb_column et_pb_column_1_2 et_block_column et_pb_css_mix_blend_mode_passthrough\"><div class=\"et_pb_blurb_2 et_pb_blurb et_pb_bg_layout_light et_pb_blurb_position_left et_pb_module et_block_module\"><div class=\"et_pb_blurb_content\"><div class=\"et_pb_blurb_container\"><h4 class=\"et_pb_module_header\">Unterschiedlichste Sch\u00e4den<\/h4><div class=\"et_pb_blurb_description\"><p>k\u00f6nnen entstehen. Die im Wasser gel\u00f6sten Salze zersetzen die Kalkverbindungen verschiedenster Baustoffe. Putz- und Farbanstriche l\u00f6sen sich, Tapeten modern, Holzteile verrotten und Ablagerungen Ausbl\u00fchungen entstehen. Das Mauerwerk wird br\u00fcchig, die Oberfl\u00e4che br\u00f6ckelt und \"Mauerfra\u00df\" entsteht. Neben dem unangenehmen Geruch im gesamten Treppenhaus kommt es auch zu W\u00e4rmeverlusten, da Feuchtigkeit ein guter W\u00e4rmeleiter ist, und so mit <strong>h\u00f6herem Energieverbrauch<\/strong> einhergeht.<\/p>\n<\/div><\/div><\/div><\/div><\/div><div class=\"et_pb_column_5 et_pb_column et_pb_column_1_2 et-last-child et_block_column et_pb_css_mix_blend_mode_passthrough\"><div class=\"et_pb_image_2 et_pb_image et_pb_module et_block_module\"><span class=\"et_pb_image_wrap\"><img loading=\"lazy\" decoding=\"async\" src=\"https:\/\/www.fgs-freiburg.de\/cms\/wp-content\/uploads\/2024\/06\/mauerfrass-feuchter-keller-wand.jpg\" width=\"1920\" height=\"1200\" srcset=\"https:\/\/www.fgs-freiburg.de\/cms\/wp-content\/uploads\/2024\/06\/mauerfrass-feuchter-keller-wand.jpg 1920w, https:\/\/www.fgs-freiburg.de\/cms\/wp-content\/uploads\/2024\/06\/mauerfrass-feuchter-keller-wand-1280x800.jpg 1280w, https:\/\/www.fgs-freiburg.de\/cms\/wp-content\/uploads\/2024\/06\/mauerfrass-feuchter-keller-wand-980x613.jpg 980w, https:\/\/www.fgs-freiburg.de\/cms\/wp-content\/uploads\/2024\/06\/mauerfrass-feuchter-keller-wand-480x300.jpg 480w\" sizes=\"(min-width: 0px) and (max-width: 480px) 480px, (min-width: 481px) and (max-width: 980px) 980px, (min-width: 981px) and (max-width: 1280px) 1280px, (min-width: 1281px) 1920px, 100vw\" class=\"wp-image-52\" \/><\/span><\/div><\/div><\/div><\/div><div class=\"et_pb_section_4 et_pb_section et_section_regular et_block_section\"><div class=\"et_pb_row_3 et_pb_row et_block_row\"><div class=\"et_pb_column_6 et_pb_column et_pb_column_4_4 et-last-child et_block_column et_pb_css_mix_blend_mode_passthrough\"><div class=\"et_pb_module et_pb_button_module_wrapper et_pb_button_0_wrapper\"><a class=\"et_pb_button_0 et_pb_button et_pb_bg_layout_light et_pb_module et_block_module\" href=\"https:\/\/www.fgs-freiburg.de\/cms\/die-loesung\/\">Wir haben die L\u00f6sung!<\/a><\/div><\/div><\/div><\/div>\n","protected":false},"excerpt":{"rendered":"","protected":false},"author":1,"featured_media":0,"parent":0,"menu_order":0,"comment_status":"closed","ping_status":"closed","template":"","meta":{"_seopress_robots_primary_cat":"","_seopress_titles_title":"","_seopress_titles_desc":"","_seopress_robots_index":"","footnotes":""},"class_list":["post-17","page","type-page","status-publish","hentry"],"_links":{"self":[{"href":"https:\/\/www.fgs-freiburg.de\/cms\/wp-json\/wp\/v2\/pages\/17","targetHints":{"allow":["GET"]}}],"collection":[{"href":"https:\/\/www.fgs-freiburg.de\/cms\/wp-json\/wp\/v2\/pages"}],"about":[{"href":"https:\/\/www.fgs-freiburg.de\/cms\/wp-json\/wp\/v2\/types\/page"}],"author":[{"embeddable":true,"href":"https:\/\/www.fgs-freiburg.de\/cms\/wp-json\/wp\/v2\/users\/1"}],"replies":[{"embeddable":true,"href":"https:\/\/www.fgs-freiburg.de\/cms\/wp-json\/wp\/v2\/comments?post=17"}],"version-history":[{"count":27,"href":"https:\/\/www.fgs-freiburg.de\/cms\/wp-json\/wp\/v2\/pages\/17\/revisions"}],"predecessor-version":[{"id":241860,"href":"https:\/\/www.fgs-freiburg.de\/cms\/wp-json\/wp\/v2\/pages\/17\/revisions\/241860"}],"wp:attachment":[{"href":"https:\/\/www.fgs-freiburg.de\/cms\/wp-json\/wp\/v2\/media?parent=17"}],"curies":[{"name":"wp","href":"https:\/\/api.w.org\/{rel}","templated":true}]}}