{"id":54,"date":"2024-06-01T17:37:48","date_gmt":"2024-06-01T15:37:48","guid":{"rendered":"https:\/\/www.fgs-freiburg.de\/cms\/?page_id=54"},"modified":"2026-03-08T10:46:08","modified_gmt":"2026-03-08T09:46:08","slug":"die-loesung","status":"publish","type":"page","link":"https:\/\/www.fgs-freiburg.de\/cms\/die-loesung\/","title":{"rendered":"Die L\u00f6sung"},"content":{"rendered":"\n<div class=\"et_pb_section_0 et_pb_section et_section_regular et_block_section\"><div class=\"et_pb_row_0 et_pb_row et_block_row\"><div class=\"et_pb_column_0 et_pb_column et_pb_column_4_4 et-last-child et_block_column et_pb_css_mix_blend_mode_passthrough\"><div class=\"et_pb_text_0 et_pb_text et_pb_bg_layout_light et_pb_module et_block_module\"><div class=\"et_pb_text_inner\"><h3>Unsere wirksame und gleichzeitig kosteng\u00fcnstige L\u00f6sung<\/h3>\n<\/div><\/div><\/div><\/div><\/div><div class=\"et_pb_section_1 et_pb_section et_section_regular et_block_section\"><div class=\"et_pb_row_1 et_pb_row et_pb_row_1-4_3-4 et_block_row et_block_row_1-4_3-4\"><div class=\"et_pb_column_1 et_pb_column et_pb_column_1_4 et_block_column et_pb_css_mix_blend_mode_passthrough\"><div class=\"et_pb_icon_0 et_pb_icon et_pb_module et_block_module\"><span class=\"et_pb_icon_wrap\"><span class=\"et-pb-icon\">\uf70e<\/span><\/span><\/div><\/div><div class=\"et_pb_column_2 et_pb_column et_pb_column_3_4 et-last-child et_block_column et_pb_css_mix_blend_mode_passthrough\"><div class=\"et_pb_text_1 et_pb_text et_pb_bg_layout_light et_pb_module et_block_module\"><div class=\"et_pb_text_inner\"><h3>Langj\u00e4hriges, patentiertes Verfahren<\/h3>\n<\/div><\/div><\/div><\/div><div class=\"et_pb_row_2 et_pb_row et_pb_row_1-4_3-4 et_block_row et_block_row_1-4_3-4\"><div class=\"et_pb_column_3 et_pb_column et_pb_column_1_4 et_block_column et_pb_css_mix_blend_mode_passthrough\"><div class=\"et_pb_icon_1 et_pb_icon et_pb_module et_block_module\"><span class=\"et_pb_icon_wrap\"><span class=\"et-pb-icon\">\uf024<\/span><\/span><\/div><\/div><div class=\"et_pb_column_4 et_pb_column et_pb_column_3_4 et-last-child et_block_column et_pb_css_mix_blend_mode_passthrough\"><div class=\"et_pb_text_2 et_pb_text et_pb_bg_layout_light et_pb_module et_block_module\"><div class=\"et_pb_text_inner\"><h3>Deutsches Qualit\u00e4tsprodukt<\/h3>\n<\/div><\/div><\/div><\/div><div class=\"et_pb_row_3 et_pb_row et_pb_row_1-4_3-4 et_block_row et_block_row_1-4_3-4\"><div class=\"et_pb_column_5 et_pb_column et_pb_column_1_4 et_block_column et_pb_css_mix_blend_mode_passthrough\"><div class=\"et_pb_icon_2 et_pb_icon et_pb_module et_block_module\"><span class=\"et_pb_icon_wrap\"><span class=\"et-pb-icon\">\uf492<\/span><\/span><\/div><\/div><div class=\"et_pb_column_6 et_pb_column et_pb_column_3_4 et-last-child et_block_column et_pb_css_mix_blend_mode_passthrough\"><div class=\"et_pb_text_3 et_pb_text et_pb_bg_layout_light et_pb_module et_block_module\"><div class=\"et_pb_text_inner\"><h3>Ohne Chemie oder Erdarbeiten<\/h3>\n<\/div><\/div><\/div><\/div><div class=\"et_pb_row_4 et_pb_row et_pb_row_1-4_3-4 et_block_row et_block_row_1-4_3-4\"><div class=\"et_pb_column_7 et_pb_column et_pb_column_1_4 et_block_column et_pb_css_mix_blend_mode_passthrough\"><div class=\"et_pb_icon_3 et_pb_icon et_pb_module et_block_module\"><span class=\"et_pb_icon_wrap\"><span class=\"et-pb-icon\">\uf274<\/span><\/span><\/div><\/div><div class=\"et_pb_column_8 et_pb_column et_pb_column_3_4 et-last-child et_block_column et_pb_css_mix_blend_mode_passthrough\"><div class=\"et_pb_text_4 et_pb_text et_pb_bg_layout_light et_pb_module et_block_module\"><div class=\"et_pb_text_inner\"><h3>Dauerhaftes Ergebnis<\/h3>\n<\/div><\/div><\/div><\/div><div class=\"et_pb_row_5 et_pb_row et_pb_row_1-4_3-4 et_block_row et_block_row_1-4_3-4\"><div class=\"et_pb_column_9 et_pb_column et_pb_column_1_4 et_block_column et_pb_css_mix_blend_mode_passthrough\"><div class=\"et_pb_icon_4 et_pb_icon et_pb_module et_block_module\"><span class=\"et_pb_icon_wrap\"><span class=\"et-pb-icon\">\uf153<\/span><\/span><\/div><\/div><div class=\"et_pb_column_10 et_pb_column et_pb_column_3_4 et-last-child et_block_column et_pb_css_mix_blend_mode_passthrough\"><div class=\"et_pb_text_5 et_pb_text et_pb_bg_layout_light et_pb_module et_block_module\"><div class=\"et_pb_text_inner\"><h3>Ohne Risiko durch eine 100% Geld-zur\u00fcck Garantie<\/h3>\n<\/div><\/div><\/div><\/div><\/div><div class=\"et_pb_section_2 et_pb_section et_section_regular et_block_section\"><div class=\"et_pb_row_6 et_pb_row et_block_row\"><div class=\"et_pb_column_11 et_pb_column et_pb_column_1_3 et_block_column et_pb_css_mix_blend_mode_passthrough\"><div class=\"et_pb_blurb_0 et_pb_blurb et_pb_bg_layout_light et_pb_text_align_center et_pb_blurb_position_top et_pb_module et_block_module\"><div class=\"et_pb_blurb_content\"><div class=\"et_pb_main_blurb_image\"><span class=\"et_pb_image_wrap et_pb_only_image_mode_wrap has-box-shadow-overlay\"><div class=\"box-shadow-overlay\"><\/div><img loading=\"lazy\" decoding=\"async\" src=\"https:\/\/www.fgs-freiburg.de\/cms\/wp-content\/uploads\/2024\/06\/bild-wohnklima.png\" width=\"283\" height=\"271\" srcset=\"https:\/\/www.fgs-freiburg.de\/cms\/wp-content\/uploads\/2024\/06\/bild-wohnklima.png 283w\" sizes=\"(max-width: 283px) 100vw, 283px\" class=\"wp-image-72\" \/><\/span><\/div><div class=\"et_pb_blurb_container\"><h3 class=\"et_pb_module_header\"> Feuchtigkeit steigt aus dem Boden auf<\/h3><div class=\"et_pb_blurb_description\"><p>Durch die nat\u00fcrliche kapillare Kraft steigt \u00fcber Jahrzehnte Feuchtigkeit in das Mauerwerk auf und verursacht eine vielf\u00e4ltige Sch\u00e4den. Behebt man die Ursache nicht rechtzeitig, wird die Substanz des Hauses gesch\u00e4digt.<\/p>\n<\/div><\/div><\/div><\/div><\/div><div class=\"et_pb_column_12 et_pb_column et_pb_column_1_3 et_block_column et_pb_css_mix_blend_mode_passthrough\"><div class=\"et_pb_blurb_1 et_pb_blurb et_pb_bg_layout_light et_pb_text_align_center et_pb_blurb_position_top et_pb_module et_block_module\"><div class=\"et_pb_blurb_content\"><div class=\"et_pb_main_blurb_image\"><span class=\"et_pb_image_wrap et_pb_only_image_mode_wrap has-box-shadow-overlay\"><div class=\"box-shadow-overlay\"><\/div><img loading=\"lazy\" decoding=\"async\" src=\"https:\/\/www.fgs-freiburg.de\/cms\/wp-content\/uploads\/2024\/06\/bild-wohnklima-2.png\" width=\"323\" height=\"266\" srcset=\"https:\/\/www.fgs-freiburg.de\/cms\/wp-content\/uploads\/2024\/06\/bild-wohnklima-2.png 323w, https:\/\/www.fgs-freiburg.de\/cms\/wp-content\/uploads\/2024\/06\/bild-wohnklima-2-300x247.png 300w\" sizes=\"(max-width: 323px) 100vw, 323px\" class=\"wp-image-73\" \/><\/span><\/div><div class=\"et_pb_blurb_container\"><h3 class=\"et_pb_module_header\">Unser Entfeuchtungsanlage kehrt diesen Prozess um<\/h3><div class=\"et_pb_blurb_description\"><p>\u200bDurch die Installation unseres patentierten Systems wird der kapillare Sog unterbrochen, die vorhandene Feuchtigkeit flie\u00dft auf nat\u00fcrlichem Weg ins Erdreich zur\u00fcck. Neue N\u00e4sse kann nicht mehr aufsteigen, solange das System mit dem Stromnetz verbunden ist \u2013 Kosten ca. 10,00 EUR pro Jahr.<\/p>\n<\/div><\/div><\/div><\/div><\/div><div class=\"et_pb_column_13 et_pb_column et_pb_column_1_3 et-last-child et_block_column et_pb_css_mix_blend_mode_passthrough\"><div class=\"et_pb_blurb_2 et_pb_blurb et_pb_bg_layout_light et_pb_text_align_center et_pb_blurb_position_top et_pb_module et_block_module\"><div class=\"et_pb_blurb_content\"><div class=\"et_pb_main_blurb_image\"><span class=\"et_pb_image_wrap et_pb_only_image_mode_wrap has-box-shadow-overlay\"><div class=\"box-shadow-overlay\"><\/div><img loading=\"lazy\" decoding=\"async\" src=\"https:\/\/www.fgs-freiburg.de\/cms\/wp-content\/uploads\/2024\/06\/bild-wohnklima-3.png\" width=\"323\" height=\"266\" srcset=\"https:\/\/www.fgs-freiburg.de\/cms\/wp-content\/uploads\/2024\/06\/bild-wohnklima-3.png 323w, https:\/\/www.fgs-freiburg.de\/cms\/wp-content\/uploads\/2024\/06\/bild-wohnklima-3-300x247.png 300w\" sizes=\"(max-width: 323px) 100vw, 323px\" class=\"wp-image-74\" \/><\/span><\/div><div class=\"et_pb_blurb_container\"><h3 class=\"et_pb_module_header\">Feuchtigkeit kann nicht erneut aufsteigen<\/h3><div class=\"et_pb_blurb_description\"><p>\u200bNach erfolgter Inbetriebnahme sorgt unsere Anlage f\u00fcr eine dauerhafte Sanierung des betroffenen Mauerwerks.<\/p>\n<\/div><\/div><\/div><\/div><\/div><\/div><\/div><div class=\"et_pb_section_3 et_pb_section et_section_regular et_block_section\"><div class=\"et_pb_row_7 et_pb_row et_block_row\"><div class=\"et_pb_column_14 et_pb_column et_pb_column_4_4 et-last-child et_block_column et_pb_css_mix_blend_mode_passthrough\"><div class=\"et_pb_module et_pb_button_module_wrapper et_pb_button_0_wrapper\"><a class=\"et_pb_button_0 et_pb_button et_pb_bg_layout_light et_pb_module et_block_module\" href=\"https:\/\/www.fgs-freiburg.de\/cms\/das-prinzip\/\">Wie geht es weiter? <\/a><\/div><\/div><\/div><\/div>\n","protected":false},"excerpt":{"rendered":"","protected":false},"author":1,"featured_media":0,"parent":0,"menu_order":0,"comment_status":"closed","ping_status":"closed","template":"","meta":{"_seopress_robots_primary_cat":"","_seopress_titles_title":"","_seopress_titles_desc":"","_seopress_robots_index":"","footnotes":""},"class_list":["post-54","page","type-page","status-publish","hentry"],"_links":{"self":[{"href":"https:\/\/www.fgs-freiburg.de\/cms\/wp-json\/wp\/v2\/pages\/54","targetHints":{"allow":["GET"]}}],"collection":[{"href":"https:\/\/www.fgs-freiburg.de\/cms\/wp-json\/wp\/v2\/pages"}],"about":[{"href":"https:\/\/www.fgs-freiburg.de\/cms\/wp-json\/wp\/v2\/types\/page"}],"author":[{"embeddable":true,"href":"https:\/\/www.fgs-freiburg.de\/cms\/wp-json\/wp\/v2\/users\/1"}],"replies":[{"embeddable":true,"href":"https:\/\/www.fgs-freiburg.de\/cms\/wp-json\/wp\/v2\/comments?post=54"}],"version-history":[{"count":27,"href":"https:\/\/www.fgs-freiburg.de\/cms\/wp-json\/wp\/v2\/pages\/54\/revisions"}],"predecessor-version":[{"id":241861,"href":"https:\/\/www.fgs-freiburg.de\/cms\/wp-json\/wp\/v2\/pages\/54\/revisions\/241861"}],"wp:attachment":[{"href":"https:\/\/www.fgs-freiburg.de\/cms\/wp-json\/wp\/v2\/media?parent=54"}],"curies":[{"name":"wp","href":"https:\/\/api.w.org\/{rel}","templated":true}]}}